{"id":103,"date":"2025-02-10T15:12:00","date_gmt":"2025-02-10T20:12:00","guid":{"rendered":"https:\/\/aim-global.com\/?page_id=103"},"modified":"2025-12-11T14:00:32","modified_gmt":"2025-12-11T19:00:32","slug":"carrieres","status":"publish","type":"page","link":"https:\/\/aim-global.com\/fr\/carrieres\/","title":{"rendered":"Carri\u00e8res"},"content":{"rendered":"\n<div class=\"wp-block-media-text alignfull has-media-on-the-right is-stacked-on-mobile\" style=\"grid-template-columns:auto 46%\"><div class=\"wp-block-media-text__content\">\n<p class=\"is-style-suptitle\">Votre carri\u00e8re<\/p>\n\n\n\n<h2 class=\"wp-block-heading\">D\u00e9veloppez votre carri\u00e8re<\/h2>\n\n\n\n<p>Chez Fer et M\u00e9taux Am\u00e9ricains (AIM), nous offrons des opportunit\u00e9s passionnantes pour faire progresser votre carri\u00e8re tout en ayant un impact significatif sur nos clients, notre industrie et nos communaut\u00e9s. Nous nous engageons \u00e0 vous aider \u00e0 atteindre votre plein potentiel en cr\u00e9ant un milieu de travail qui favorise votre r\u00e9ussite et votre bien-\u00eatre.&nbsp;&nbsp;<\/p>\n\n\n\n<p>Que vous d\u00e9butiez ou recherchiez un nouveau d\u00e9fi, chez AIM, vos contributions comptent et votre avenir est riche de possibilit\u00e9s.&nbsp;<\/p>\n<\/div><figure class=\"wp-block-media-text__media\"><img loading=\"lazy\" decoding=\"async\" width=\"1024\" height=\"657\" src=\"https:\/\/aim-global.com\/wp-content\/uploads\/2025\/09\/Carreer_Photo1-1024x657.jpg\" alt=\"\" class=\"wp-image-3156 size-full\" srcset=\"https:\/\/aim-global.com\/wp-content\/uploads\/2025\/09\/Carreer_Photo1-1024x657.jpg 1024w, https:\/\/aim-global.com\/wp-content\/uploads\/2025\/09\/Carreer_Photo1-300x193.jpg 300w, https:\/\/aim-global.com\/wp-content\/uploads\/2025\/09\/Carreer_Photo1-768x493.jpg 768w, https:\/\/aim-global.com\/wp-content\/uploads\/2025\/09\/Carreer_Photo1-1536x986.jpg 1536w, https:\/\/aim-global.com\/wp-content\/uploads\/2025\/09\/Carreer_Photo1-2048x1315.jpg 2048w\" sizes=\"auto, (max-width: 1024px) 100vw, 1024px\" \/><\/figure><\/div>\n\n\n\n<div class=\"wp-block-group alignfull has-light-gold-background-color has-background\"><div class=\"wp-block-group__inner-container is-layout-constrained wp-block-group-is-layout-constrained\">\n<h2 class=\"wp-block-heading has-text-align-center\">Notre philosophie du personnel<\/h2>\n\n\n\n<p class=\"has-text-align-center\"><strong>Nos collaborateurs sont au c\u0153ur de tout ce que nous faisons.&nbsp;<\/strong><\/p>\n\n\n\n<p class=\"is-style-half-width\">Nous sommes passionn\u00e9s par la cr\u00e9ation d&rsquo;une culture o\u00f9 chaque membre de l&rsquo;\u00e9quipe se sent soutenu, valoris\u00e9 et inspir\u00e9.&nbsp;<\/p>\n\n\n\n<p class=\"is-style-half-width\">Nos valeurs fondamentales de passion, travail d\u2019\u00e9quipe, agilit\u00e9, engagement envers l\u2019excellence et&nbsp;engagement envers la communaut\u00e9&nbsp;nous rassemblent en une seule \u00e9quipe : l\u2019\u00e9quipe AIM, unie par un but commun et une vision partag\u00e9e. D\u00e9couvrez nos valeurs <a href=\"https:\/\/aim-global.com\/fr\/qui-somme-nous\/nos-valeurs\/\">ici<\/a>.<\/p>\n\n\n<\/div><\/div>\n\n\n\n<div class=\"wp-block-media-text alignfull has-media-on-the-right is-stacked-on-mobile\" style=\"grid-template-columns:auto 46%\"><div class=\"wp-block-media-text__content\">\n<h2 class=\"wp-block-heading\">Ce que nous offrons<\/h2>\n\n\n\n<p>Nous offrons des salaires comp\u00e9titifs et un ensemble complet d&rsquo;avantages sociaux, y compris un programme de jumelage des REER. Nous sommes engag\u00e9s dans le d\u00e9veloppement de carri\u00e8re et croyons fermement \u00e0 la promotion interne. Notre programme d\u2019assistance aux frais de scolarit\u00e9,&nbsp;illustre notre engagement envers l\u2019\u00e9ducation,&nbsp;en offrant aux enfants des employ\u00e9s d\u2019AIM jusqu\u2019\u00e0&nbsp;8 500 $ canadiens&nbsp;par an pour couvrir&nbsp;leurs&nbsp;frais de scolarit\u00e9.<\/p>\n\n\n\n<p>AIM favorise une culture de camaraderie, en cr\u00e9ant des opportunit\u00e9s pour des connexions significatives \u00e0 travers des \u00e9quipes mondiales. Nous concilions le travail avec des \u00e9v\u00e9nements amusants qui rassemblent tout le monde.&nbsp;<\/p>\n\n\n\n<p>En outre, AIM est passionn\u00e9e par le fait de redonner aux communaut\u00e9s que nous servons par le biais de multiples <a href=\"https:\/\/aim-global.com\/fr\/qui-somme-nous\/les-communautes-que-nous-servons\/\">initiatives philanthropiques<\/a>. Nous sommes fiers de soutenir des associations caritatives locales, des programmes de durabilit\u00e9 environnementale et des projets de d\u00e9veloppement communautaire, afin d&rsquo;avoir un impact positif sur le monde qui nous entoure.&nbsp;<\/p>\n<\/div><figure class=\"wp-block-media-text__media\"><img loading=\"lazy\" decoding=\"async\" width=\"1024\" height=\"683\" src=\"https:\/\/aim-global.com\/wp-content\/uploads\/2025\/09\/Carreer_Photo2-1024x683.jpg\" alt=\"\" class=\"wp-image-3158 size-full\" srcset=\"https:\/\/aim-global.com\/wp-content\/uploads\/2025\/09\/Carreer_Photo2-1024x683.jpg 1024w, https:\/\/aim-global.com\/wp-content\/uploads\/2025\/09\/Carreer_Photo2-300x200.jpg 300w, https:\/\/aim-global.com\/wp-content\/uploads\/2025\/09\/Carreer_Photo2-768x512.jpg 768w, https:\/\/aim-global.com\/wp-content\/uploads\/2025\/09\/Carreer_Photo2-1536x1024.jpg 1536w, https:\/\/aim-global.com\/wp-content\/uploads\/2025\/09\/Carreer_Photo2-2048x1365.jpg 2048w\" sizes=\"auto, (max-width: 1024px) 100vw, 1024px\" \/><\/figure><\/div>\n\n\n\n<h2 class=\"wp-block-heading\">Avantages et b\u00e9n\u00e9fices<\/h2>\n\n\n\n<p><em>Les avantages peuvent varier d&rsquo;un pays \u00e0 l&rsquo;autre afin de s&rsquo;aligner sur les r\u00e9glementations locales.<\/em>&nbsp;<\/p>\n\n\n\n\n\n<p>Chez AIM, votre carri\u00e8re n&rsquo;a pas de plafond. Plusieurs de nos dirigeants ont commenc\u00e9 \u00e0 des postes&nbsp;de&nbsp;premier \u00e9chelon avant d\u2019\u00e9voluer vers des fonctions de gestion.<br><\/p>\n\n\n\n\n\n<p>Nous appr\u00e9cions votre contribution et croyons qu&rsquo;il faut r\u00e9compenser votre travail acharn\u00e9. C&rsquo;est pourquoi nous offrons des salaires comp\u00e9titifs et un ensemble complet d&rsquo;avantages sociaux, notamment des cong\u00e9s pay\u00e9s, une couverture sant\u00e9 et un programme de jumelage des REER.&nbsp;<\/p>\n\n\n\n\n\n<p>L&rsquo;\u00e9volution et la croissance d&rsquo;AIM s&rsquo;accompagnent d&rsquo;opportunit\u00e9s pour avoir un impact significatif. Vos contributions seront essentielles \u00e0 notre mission et vous aideront \u00e0 r\u00e9ussir tout en fa\u00e7onnant un parcours professionnel \u00e9panouissant et fructueux.&nbsp;&nbsp;<\/p>\n\n\n\n\n\n<p>Nous croyons qu&rsquo;il faut travailler dur et f\u00eater plus fort. Des \u00e9v\u00e9nements de renforcement de l&rsquo;esprit d&rsquo;\u00e9quipe aux d\u00e9fis d&rsquo;entreprise, en passant par les barbecues annuels et les f\u00eates de fin d&rsquo;ann\u00e9e, la vie chez AIM est aussi gratifiante qu&rsquo;agr\u00e9able.&nbsp;<\/p>\n\n\n\n\n\n<p>Nous sommes passionn\u00e9s par l&rsquo;investissement dans l&rsquo;avenir de l&rsquo;\u00e9ducation, non seulement pour nos employ\u00e9s, mais aussi pour leurs familles. Ce programme est l&rsquo;un des plus g\u00e9n\u00e9reux en Am\u00e9rique du Nord, avec une contribution annuelle de 7 millions de dollars de la part d&rsquo;AIM. Les participants au programme <em>\u00e9ligible<\/em> recevront jusqu&rsquo;\u00e0 8 500 $ canadiens par an pour les aider \u00e0 payer les frais de scolarit\u00e9 de leurs proches.&nbsp;<\/p>\n\n\n","protected":false},"excerpt":{"rendered":"<p>Votre carri\u00e8re D\u00e9veloppez votre carri\u00e8re Chez Fer et M\u00e9taux Am\u00e9ricains (AIM), nous offrons des opportunit\u00e9s passionnantes pour faire progresser votre carri\u00e8re tout en ayant un impact significatif sur nos clients, notre industrie et nos communaut\u00e9s. Nous nous engageons \u00e0 vous aider \u00e0 atteindre votre plein potentiel en cr\u00e9ant un milieu de travail qui favorise votre [&hellip;]<\/p>\n","protected":false},"author":11,"featured_media":0,"parent":0,"menu_order":0,"comment_status":"closed","ping_status":"closed","template":"","meta":{"_acf_changed":false,"footnotes":""},"class_list":["post-103","page","type-page","status-publish","hentry"],"acf":[],"_links":{"self":[{"href":"https:\/\/aim-global.com\/fr\/wp-json\/wp\/v2\/pages\/103","targetHints":{"allow":["GET"]}}],"collection":[{"href":"https:\/\/aim-global.com\/fr\/wp-json\/wp\/v2\/pages"}],"about":[{"href":"https:\/\/aim-global.com\/fr\/wp-json\/wp\/v2\/types\/page"}],"author":[{"embeddable":true,"href":"https:\/\/aim-global.com\/fr\/wp-json\/wp\/v2\/users\/11"}],"replies":[{"embeddable":true,"href":"https:\/\/aim-global.com\/fr\/wp-json\/wp\/v2\/comments?post=103"}],"version-history":[{"count":8,"href":"https:\/\/aim-global.com\/fr\/wp-json\/wp\/v2\/pages\/103\/revisions"}],"predecessor-version":[{"id":3776,"href":"https:\/\/aim-global.com\/fr\/wp-json\/wp\/v2\/pages\/103\/revisions\/3776"}],"wp:attachment":[{"href":"https:\/\/aim-global.com\/fr\/wp-json\/wp\/v2\/media?parent=103"}],"curies":[{"name":"wp","href":"https:\/\/api.w.org\/{rel}","templated":true}]}}