{"id":129,"date":"2025-02-10T15:04:53","date_gmt":"2025-02-10T20:04:53","guid":{"rendered":"https:\/\/aim-global.com\/?page_id=129"},"modified":"2025-10-29T09:03:02","modified_gmt":"2025-10-29T13:03:02","slug":"qui-somme-nous","status":"publish","type":"page","link":"https:\/\/aim-global.com\/fr\/qui-somme-nous\/","title":{"rendered":"Qui sommes-nous?"},"content":{"rendered":"\n<p><\/p>\n\n\n\n<div class=\"wp-block-media-text has-media-on-the-right is-stacked-on-mobile\" style=\"grid-template-columns:auto 40%\"><div class=\"wp-block-media-text__content\">\n<p class=\"is-style-suptitle\">Notre Histoire<\/p>\n\n\n\n<h2 class=\"wp-block-heading\">Un h\u00e9ritage d&rsquo;excellence<\/h2>\n\n\n\n<p>Notre histoire a commenc\u00e9 en 1936, lorsque Peter Black a fond\u00e9 une modeste entreprise de ferraille sur la rue Notre-Dame, dans l\u2019est de Montr\u00e9al. D\u00e8s le d\u00e9but, Peter a inculqu\u00e9 \u00e0 l\u2019entreprise une solide \u00e9thique de travail, des valeurs familiales et un engagement envers l\u2019excellence. Son d\u00e9vouement a \u00e9t\u00e9 compl\u00e9t\u00e9 par le vif int\u00e9r\u00eat que ses fils, Herbert et Ronald, ont manifest\u00e9 pour la poursuite de l\u2019h\u00e9ritage familial, ce qui a jet\u00e9 les bases de la croissance remarquable d\u2019AIM. Lorsque Peter a pris sa retraite, Herbert et Ron ont repris l\u2019entreprise, alliant avec succ\u00e8s les valeurs traditionnelles \u00e0 une vision tourn\u00e9e vers l\u2019avenir.&nbsp;<\/p>\n\n\n\n<p>Sous la direction de Herbert Black, chef de la direction, et de Ron Black, vice-pr\u00e9sident ex\u00e9cutif, AIM est pass\u00e9e d\u2019une petite op\u00e9ration locale \u00e0 un leader mondial du recyclage de m\u00e9taux. Aujourd\u2019hui, avec un r\u00e9seau de plus de 135 sites \u00e0 travers le monde, une \u00e9quipe de plus de 4 000 employ\u00e9s tr\u00e8s d\u00e9vou\u00e9s et m\u00eame un parc priv\u00e9 de plus de 2 500 wagons, AIM assure des op\u00e9rations sans faille et des livraisons fiables pour r\u00e9pondre aux besoins de ses clients. Fi\u00e8rement g\u00e9r\u00e9e par une famille et soutenue par une \u00e9quipe de direction dynamique, AIM reste fid\u00e8le \u00e0 son activit\u00e9 de recyclage de m\u00e9taux tout en faisant \u00e9voluer et en \u00e9largissant continuellement son portefeuille afin de mieux servir ses clients et leurs communaut\u00e9s.&nbsp;<\/p>\n\n\n\n<p>Nous poursuivons notre chemin, guid\u00e9s par <a href=\"https:\/\/aim-global.com\/fr\/qui-somme-nous\/nos-valeurs\/\">nos valeurs<\/a> fondamentales : la passion, le travail d\u2019\u00e9quipe, l\u2019agilit\u00e9, l\u2019engagement envers l\u2019excellence et l\u2019engagement envers la communaut\u00e9. Nous nous effor\u00e7ons de cr\u00e9er un avenir meilleur et plus durable pour les g\u00e9n\u00e9rations \u00e0 venir.&nbsp;<\/p>\n<\/div><figure class=\"wp-block-media-text__media\"><img loading=\"lazy\" decoding=\"async\" width=\"1024\" height=\"712\" src=\"https:\/\/aim-global.com\/wp-content\/uploads\/2025\/03\/30x40-010-LR-1-1024x712.jpg\" alt=\"\" class=\"wp-image-320 size-full\" srcset=\"https:\/\/aim-global.com\/wp-content\/uploads\/2025\/03\/30x40-010-LR-1-1024x712.jpg 1024w, https:\/\/aim-global.com\/wp-content\/uploads\/2025\/03\/30x40-010-LR-1-300x209.jpg 300w, https:\/\/aim-global.com\/wp-content\/uploads\/2025\/03\/30x40-010-LR-1-768x534.jpg 768w, https:\/\/aim-global.com\/wp-content\/uploads\/2025\/03\/30x40-010-LR-1-1536x1068.jpg 1536w, https:\/\/aim-global.com\/wp-content\/uploads\/2025\/03\/30x40-010-LR-1-2048x1425.jpg 2048w\" sizes=\"auto, (max-width: 1024px) 100vw, 1024px\" \/><\/figure><\/div>\n\n\n\n<p class=\"is-style-suptitle\">\u00c0 PROPOS DE NOUS<\/p>\n\n\n\n<h2 class=\"wp-block-heading\">Des \u00e9tapes importantes au fil des d\u00e9cennies<\/h2>\n\n\n\n<p><strong>\u00c0 PROPOS DE NOUS<\/strong>&nbsp;<\/p>\n\n\n\n<p><strong>Des \u00e9tapes importantes au fil des d\u00e9cennies<\/strong>&nbsp;<\/p>\n\n\n\n<p><strong>1936 : <\/strong>La premi\u00e8re installation de Fer et M\u00e9taux Am\u00e9ricains (AIM) ouvre ses portes sur la rue Moreau, \u00e0 Montr\u00e9al (Qu\u00e9bec), marquant le d\u00e9but d\u2019un h\u00e9ritage dans le domaine du recyclage de m\u00e9taux.&nbsp;<\/p>\n\n\n\n<p><strong>1963 :<\/strong> AIM construit l&rsquo;une des premi\u00e8res installations de recyclage chauff\u00e9es au monde, ce qui am\u00e9liore consid\u00e9rablement le confort, la productivit\u00e9 et le moral des employ\u00e9s.&nbsp;&nbsp;<\/p>\n\n\n\n<p><strong>1973 : <\/strong>AIM entre dans le secteur de la soudure avec le lancement d&rsquo;AIM M\u00e9taux et Alliages S.E.C., maintenant AIM Solder, qui est aujourd&rsquo;hui reconnu comme l&rsquo;un des principaux fabricants de mat\u00e9riaux d&rsquo;assemblage de soudure \u00e0 l&rsquo;\u00e9tain-plomb et sans plomb.&nbsp;<\/p>\n\n\n\n<p><strong>1988 : <\/strong>L&rsquo;entreprise d\u00e9m\u00e9nage son si\u00e8ge social mondial sur un nouveau site de plus de 100 acres sur la rue Henri-Bourassa Est \u00e0 Montr\u00e9al, ce qui lui permet d&rsquo;\u00e9tendre consid\u00e9rablement ses activit\u00e9s.&nbsp;&nbsp;<\/p>\n\n\n\n<p><strong>1994 :<\/strong> Un nouveau chapitre s&rsquo;ouvre avec la cr\u00e9ation de<a href=\"https:\/\/www.delsan-aim.com\/fr\/\" target=\"_blank\" rel=\"noopener\"> Delsan AIM<\/a>, qui combine l&rsquo;expertise d&rsquo;AIM en mati\u00e8re de recyclage avec des services avanc\u00e9s de d\u00e9mant\u00e8lement et de d\u00e9molition.&nbsp;&nbsp;<\/p>\n\n\n\n<p><strong>2000 : <\/strong>AIM met en service sa premi\u00e8re d\u00e9chiqueteuse \u00e0 Montr\u00e9al, renfor\u00e7ant ainsi son avantage concurrentiel au niveau national et \u00e9largissant sa client\u00e8le internationale.&nbsp;&nbsp;<\/p>\n\n\n\n<p><strong>2008 :<\/strong> AIM acquiert SNF Inc. et Pi\u00e8ces d&rsquo;Autos Kenny Inc. et int\u00e8gre les deux plus importants recycleurs de ferraille du Qu\u00e9bec au r\u00e9seau d&rsquo;AIM, renfor\u00e7ant ainsi sa pr\u00e9sence dans l&rsquo;industrie.&nbsp;&nbsp;&nbsp;&nbsp;<\/p>\n\n\n\n<p><strong>2014 : <\/strong>Un investissement important dans des \u00e9quipements de haute technologie a permis le lancement d&rsquo;<a href=\"https:\/\/www.aim-ecocentre.com\/\" target=\"_blank\" rel=\"noopener\">AIM \u00c9co-Centre<\/a>, qui offre des solutions cl\u00e9 en main innovantes pour la gestion des rebuts de Construction, R\u00e9novation et D\u00e9molition (CRD). &nbsp;<\/p>\n\n\n\n<p><strong>2015 :<\/strong> AIM est entr\u00e9e sur le march\u00e9 europ\u00e9en en d\u00e9butant ses op\u00e9rations en Belgique.&nbsp;&nbsp;<\/p>\n\n\n\n<p><strong>2018 <\/strong>: AIM \u00e9largit sa pr\u00e9sence aux \u00c9tats-Unis en acqu\u00e9rant Ecology Recycling Services, LLC en Californie.&nbsp;&nbsp;<\/p>\n\n\n\n<p><strong>2019 :<\/strong> L&rsquo;ouverture de la division <a href=\"https:\/\/aim-minesource.com\/\" target=\"_blank\" rel=\"noopener\">AIM Minesource<\/a> apporte une expertise sp\u00e9cialis\u00e9e dans les solutions industrielles et mini\u00e8res sur mesure.&nbsp;&nbsp;<\/p>\n\n\n\n<p><strong>2021 :<\/strong> L\u2019introduction de<a href=\"https:\/\/www.honeycombconverters.com\/fr\" data-type=\"page\" data-id=\"385\" target=\"_blank\" rel=\"noopener\"> Honeycomb Catalytics <\/a>fait progresser le recyclage des convertisseurs catalytiques et la r\u00e9cup\u00e9ration des m\u00e9taux pr\u00e9cieux. AIM \u00e9tend ses&nbsp;activit\u00e9s&nbsp;aux \u00c9tats-Unis gr\u00e2ce \u00e0 l\u2019acquisition de Liberty \u00e0 Phoenix, en Arizona.&nbsp;&nbsp;<\/p>\n\n\n\n<p><strong>2023 :<\/strong> Par le biais d&rsquo;une coentreprise \u00e0 Kalischatarra, AIM \u00e9tend ses activit\u00e9s au Mexique et devient propri\u00e9taire \u00e0 part enti\u00e8re d\u2019Ecology.\u00a0\u00a0<\/p>\n\n\n\n<p><strong>2024 : <\/strong>Les op\u00e9rations d\u00e9butent en Allemagne, \u00e9largissant ainsi la port\u00e9e mondiale d&rsquo;AIM. AIM introduit son programme de bourses d&rsquo;\u00e9tudes au Canada et aux \u00c9tats-Unis.&nbsp;&nbsp;&nbsp;&nbsp;<\/p>\n\n\n\n<p>&nbsp;&nbsp;<\/p>\n\n\n\n<p><\/p>\n","protected":false},"excerpt":{"rendered":"<p>Notre Histoire Un h\u00e9ritage d&rsquo;excellence Notre histoire a commenc\u00e9 en 1936, lorsque Peter Black a fond\u00e9 une modeste entreprise de ferraille sur la rue Notre-Dame, dans l\u2019est de Montr\u00e9al. D\u00e8s le d\u00e9but, Peter a inculqu\u00e9 \u00e0 l\u2019entreprise une solide \u00e9thique de travail, des valeurs familiales et un engagement envers l\u2019excellence. Son d\u00e9vouement a \u00e9t\u00e9 compl\u00e9t\u00e9 [&hellip;]<\/p>\n","protected":false},"author":11,"featured_media":0,"parent":0,"menu_order":0,"comment_status":"closed","ping_status":"closed","template":"","meta":{"_acf_changed":false,"footnotes":""},"class_list":["post-129","page","type-page","status-publish","hentry"],"acf":[],"_links":{"self":[{"href":"https:\/\/aim-global.com\/fr\/wp-json\/wp\/v2\/pages\/129","targetHints":{"allow":["GET"]}}],"collection":[{"href":"https:\/\/aim-global.com\/fr\/wp-json\/wp\/v2\/pages"}],"about":[{"href":"https:\/\/aim-global.com\/fr\/wp-json\/wp\/v2\/types\/page"}],"author":[{"embeddable":true,"href":"https:\/\/aim-global.com\/fr\/wp-json\/wp\/v2\/users\/11"}],"replies":[{"embeddable":true,"href":"https:\/\/aim-global.com\/fr\/wp-json\/wp\/v2\/comments?post=129"}],"version-history":[{"count":8,"href":"https:\/\/aim-global.com\/fr\/wp-json\/wp\/v2\/pages\/129\/revisions"}],"predecessor-version":[{"id":3661,"href":"https:\/\/aim-global.com\/fr\/wp-json\/wp\/v2\/pages\/129\/revisions\/3661"}],"wp:attachment":[{"href":"https:\/\/aim-global.com\/fr\/wp-json\/wp\/v2\/media?parent=129"}],"curies":[{"name":"wp","href":"https:\/\/api.w.org\/{rel}","templated":true}]}}