{"id":385,"date":"2025-02-18T16:01:32","date_gmt":"2025-02-18T21:01:32","guid":{"rendered":"https:\/\/aim-global.com\/?page_id=385"},"modified":"2025-10-28T15:28:35","modified_gmt":"2025-10-28T19:28:35","slug":"nos-produits","status":"publish","type":"page","link":"https:\/\/aim-global.com\/fr\/nos-produits\/","title":{"rendered":"Nos produits"},"content":{"rendered":"\n<div class=\"wp-block-buttons is-layout-flex wp-block-buttons-is-layout-flex\">\n<div class=\"wp-block-button\"><a class=\"wp-block-button__link wp-element-button\" href=\"#gf_2\">Contactez-nous<\/a><\/div>\n<\/div>\n\n\n\n<p><br>Chez AIM, nous offrons des m\u00e9taux ferreux et non-ferreux de haute qualit\u00e9, y compris des copeaux d&rsquo;aluminium et de cuivre de premi\u00e8re qualit\u00e9, pour r\u00e9pondre aux divers besoins de nos clients internationaux. Gr\u00e2ce \u00e0 nos nombreux chantiers navals strat\u00e9giquement situ\u00e9s en Am\u00e9rique du Nord, nous assurons un approvisionnement r\u00e9gulier en mat\u00e9riaux et traitons de gros volumes afin de r\u00e9pondre \u00e0 vos demandes de mani\u00e8re continue. Nos installations certifi\u00e9es ISO respectent des normes de qualit\u00e9 rigoureuses afin de garantir l&rsquo;excellence de tous les produits que nous fournissons.<\/p>\n\n\n\n<p>Nos copeaux d&rsquo;aluminium et de cuivre sont reconnus pour leur puret\u00e9 et leur qualit\u00e9 sup\u00e9rieure. Pour une liste compl\u00e8te de nos produits, veuillez <a href=\"https:\/\/aim-global.com\/fr\/contactez-nous\/\" data-type=\"link\" data-id=\"https:\/\/aim-global.com\/contact\/\">nous <\/a><a href=\"#gf_2\" data-type=\"internal\" data-id=\"#gf_2\">contacter<\/a>.<\/p>\n\n\n\n<h2 class=\"wp-block-heading\">Notre port\u00e9e<\/h2>\n\n\n\n<h3 class=\"wp-block-heading\">Une pr\u00e9sence mondiale<\/h3>\n\n\n\n<p>AIM participe activement aux \u00e9v\u00e9nements cl\u00e9s de l&rsquo;industrie tels que l&rsquo;ISRI, le BIR, l&rsquo;American Copper Council et les tables rondes de Chicago. Notre engagement mondial nous permet de rester \u00e0 la pointe des tendances de l&rsquo;industrie et de nous adapter \u00e0 l&rsquo;\u00e9volution des besoins de nos clients.&nbsp;<\/p>\n\n\n\n<h2 class=\"wp-block-heading\">Notre promesse<\/h2>\n\n\n\n<h3 class=\"wp-block-heading\"><strong>Pourquoi nous choisir<\/strong>?<\/h3>\n\n\n\n<ul class=\"wp-block-list\">\n<li><strong>Des produits de premi\u00e8re qualit\u00e9 : <\/strong>Nous ne fournissons que des copeaux d\u2019aluminium et de cuivre de la plus haute qualit\u00e9.&nbsp;<\/li>\n\n\n\n<li><strong>Livraison dans les d\u00e9lais : <\/strong>Notre logistique efficace garantit une livraison \u00e0 temps \u00e0 chaque fois.&nbsp;<\/li>\n\n\n\n<li><strong>Engagement envers nos accords : <\/strong>Nous respectons nos contrats et donnons la priorit\u00e9 \u00e0 la satisfaction des besoins de nos clients.&nbsp;<\/li>\n\n\n\n<li><strong>Fiabilit\u00e9 :<\/strong> Gr\u00e2ce \u00e0 sa r\u00e9putation de fiabilit\u00e9, AIM est un fournisseur de confiance pour les entreprises du monde entier.<\/li>\n<\/ul>\n\n\n\n<h2 class=\"wp-block-heading\">Nous contacter<strong> <\/strong><\/h2>\n\n\n\n<h3 class=\"wp-block-heading\"><strong><strong>Connectez-vous avec nous<\/strong><\/strong>&nbsp;<\/h3>\n\n\n\n<p>L&rsquo;\u00e9quipe d&rsquo;experts d&rsquo;AIM propose des solutions personnalis\u00e9es, telles que des services de collecte pratiques et des options d&rsquo;enl\u00e8vement fiables, afin de simplifier le processus de recyclage pour nos clients.&nbsp;<\/p>\n\n\n\n<p>D\u00e9couvrez comment nous pouvons soutenir votre entreprise gr\u00e2ce \u00e0 nos produits de qualit\u00e9 sup\u00e9rieure. Contactez nous d\u00e8s aujourd&rsquo;hui et d\u00e9couvrez les avantages de travailler avec un partenaire de confiance, certifi\u00e9 ISO.&nbsp;<\/p>\n\n\n\n\n\n<p><\/p>\n","protected":false},"excerpt":{"rendered":"<p>Chez AIM, nous offrons des m\u00e9taux ferreux et non-ferreux de haute qualit\u00e9, y compris des copeaux d&rsquo;aluminium et de cuivre de premi\u00e8re qualit\u00e9, pour r\u00e9pondre aux divers besoins de nos clients internationaux. Gr\u00e2ce \u00e0 nos nombreux chantiers navals strat\u00e9giquement situ\u00e9s en Am\u00e9rique du Nord, nous assurons un approvisionnement r\u00e9gulier en mat\u00e9riaux et traitons de gros [&hellip;]<\/p>\n","protected":false},"author":11,"featured_media":0,"parent":0,"menu_order":0,"comment_status":"closed","ping_status":"closed","template":"","meta":{"_acf_changed":false,"footnotes":""},"class_list":["post-385","page","type-page","status-publish","hentry"],"acf":[],"_links":{"self":[{"href":"https:\/\/aim-global.com\/fr\/wp-json\/wp\/v2\/pages\/385","targetHints":{"allow":["GET"]}}],"collection":[{"href":"https:\/\/aim-global.com\/fr\/wp-json\/wp\/v2\/pages"}],"about":[{"href":"https:\/\/aim-global.com\/fr\/wp-json\/wp\/v2\/types\/page"}],"author":[{"embeddable":true,"href":"https:\/\/aim-global.com\/fr\/wp-json\/wp\/v2\/users\/11"}],"replies":[{"embeddable":true,"href":"https:\/\/aim-global.com\/fr\/wp-json\/wp\/v2\/comments?post=385"}],"version-history":[{"count":5,"href":"https:\/\/aim-global.com\/fr\/wp-json\/wp\/v2\/pages\/385\/revisions"}],"predecessor-version":[{"id":3593,"href":"https:\/\/aim-global.com\/fr\/wp-json\/wp\/v2\/pages\/385\/revisions\/3593"}],"wp:attachment":[{"href":"https:\/\/aim-global.com\/fr\/wp-json\/wp\/v2\/media?parent=385"}],"curies":[{"name":"wp","href":"https:\/\/api.w.org\/{rel}","templated":true}]}}