{"id":389,"date":"2025-04-08T16:15:40","date_gmt":"2025-04-08T20:15:40","guid":{"rendered":"https:\/\/aim-global.com\/?page_id=389"},"modified":"2025-04-08T16:19:51","modified_gmt":"2025-04-08T20:19:51","slug":"vendez","status":"publish","type":"page","link":"https:\/\/aim-global.com\/fr\/vendez\/","title":{"rendered":"Vendez"},"content":{"rendered":"\n<p><strong><strong>Vendez-nous votre ferraille<\/strong><\/strong><\/p>\n\n\n\n<h2 class=\"wp-block-heading\"><em>D\u00e9couvrez la simplicit\u00e9 du recyclage de m\u00e9taux<\/em>\u00a0<\/h2>\n\n\n\n<p>Avec plus de 100 sites \u00e0 travers le monde, vous \u00eates certain d&rsquo;en trouver un pr\u00e8s de chez vous.\u00a0<\/p>\n\n\n\n<div class=\"wp-block-buttons is-layout-flex wp-block-buttons-is-layout-flex\">\n<div class=\"wp-block-button\"><a class=\"wp-block-button__link wp-element-button\" href=\"https:\/\/www.aim-recycling.com\/fr\/locations\" target=\"_blank\" rel=\"noopener\">Trouvez votre site<\/a><\/div>\n<\/div>\n\n\n\n<p><\/p>\n\n\n\n<p><strong><strong><strong>Un recyclage cibl\u00e9<\/strong><\/strong><\/strong><\/p>\n\n\n\n<p>Chez <a href=\"https:\/\/www.aim-recycling.com\/\" target=\"_blank\" rel=\"noreferrer noopener\">AIM RECYCLAGE<\/a>, nous sommes fiers d&rsquo;\u00eatre une force majeure dans l&rsquo;industrie du recyclage des m\u00e9taux. Offrant une gamme compl\u00e8te de services de recyclage pour tous les m\u00e9taux ferreux et non-ferreux, nous mettons l&rsquo;accent sur l&rsquo;efficacit\u00e9, \u00e0 la durabilit\u00e9 et \u00e0 la satisfaction de nos clients. Nos installations ultramodernes sont dot\u00e9es d&rsquo;\u00e9quipements et de technologies de pointe, ce qui nous permet de traiter divers mat\u00e9riaux avec efficacit\u00e9 et pr\u00e9cision.&nbsp;<\/p>\n\n\n\n<p>Gr\u00e2ce \u00e0 nos services efficaces et fiables de recyclage des m\u00e9taux, vous contribuez non seulement au bien-\u00eatre de l&rsquo;environnement, mais vous avez \u00e9galement la possibilit\u00e9 de maximiser vos profits et de gagner de l&rsquo;argent suppl\u00e9mentaire en vendant vos m\u00e9taux de mani\u00e8re responsable.&nbsp;<\/p>\n\n\n\n<div class=\"wp-block-buttons is-layout-flex wp-block-buttons-is-layout-flex\">\n<div class=\"wp-block-button\"><a class=\"wp-block-button__link wp-element-button\" href=\"https:\/\/www.aim-recycling.com\/fr\/sell-to-us\" target=\"_blank\" rel=\"noopener\">M\u00e9taux accept\u00e9s<\/a><\/div>\n<\/div>\n","protected":false},"excerpt":{"rendered":"<p>Vendez-nous votre ferraille D\u00e9couvrez la simplicit\u00e9 du recyclage de m\u00e9taux\u00a0 Avec plus de 100 sites \u00e0 travers le monde, vous \u00eates certain d&rsquo;en trouver un pr\u00e8s de chez vous.\u00a0 Un recyclage cibl\u00e9 Chez AIM RECYCLAGE, nous sommes fiers d&rsquo;\u00eatre une force majeure dans l&rsquo;industrie du recyclage des m\u00e9taux. Offrant une gamme compl\u00e8te de services de [&hellip;]<\/p>\n","protected":false},"author":11,"featured_media":0,"parent":0,"menu_order":0,"comment_status":"closed","ping_status":"closed","template":"","meta":{"_acf_changed":false,"footnotes":""},"class_list":["post-389","page","type-page","status-publish","hentry"],"acf":[],"_links":{"self":[{"href":"https:\/\/aim-global.com\/fr\/wp-json\/wp\/v2\/pages\/389","targetHints":{"allow":["GET"]}}],"collection":[{"href":"https:\/\/aim-global.com\/fr\/wp-json\/wp\/v2\/pages"}],"about":[{"href":"https:\/\/aim-global.com\/fr\/wp-json\/wp\/v2\/types\/page"}],"author":[{"embeddable":true,"href":"https:\/\/aim-global.com\/fr\/wp-json\/wp\/v2\/users\/11"}],"replies":[{"embeddable":true,"href":"https:\/\/aim-global.com\/fr\/wp-json\/wp\/v2\/comments?post=389"}],"version-history":[{"count":1,"href":"https:\/\/aim-global.com\/fr\/wp-json\/wp\/v2\/pages\/389\/revisions"}],"predecessor-version":[{"id":390,"href":"https:\/\/aim-global.com\/fr\/wp-json\/wp\/v2\/pages\/389\/revisions\/390"}],"wp:attachment":[{"href":"https:\/\/aim-global.com\/fr\/wp-json\/wp\/v2\/media?parent=389"}],"curies":[{"name":"wp","href":"https:\/\/api.w.org\/{rel}","templated":true}]}}