{"id":97,"date":"2025-02-10T15:03:25","date_gmt":"2025-02-10T20:03:25","guid":{"rendered":"https:\/\/aim-global.com\/?page_id=97"},"modified":"2025-10-29T09:38:15","modified_gmt":"2025-10-29T13:38:15","slug":"nos-divisions","status":"publish","type":"page","link":"https:\/\/aim-global.com\/fr\/nos-divisions\/","title":{"rendered":"Nos divisions"},"content":{"rendered":"\n<div class=\"wp-block-columns alignwide is-layout-flex wp-container-core-columns-is-layout-9d6595d7 wp-block-columns-is-layout-flex\">\n<div class=\"wp-block-column is-layout-flow wp-block-column-is-layout-flow\" style=\"flex-basis:20%\">\n<p class=\"is-style-suptitle\">Nos divisions<\/p>\n<\/div>\n\n\n\n<div class=\"wp-block-column is-layout-flow wp-block-column-is-layout-flow\" style=\"flex-basis:60%\">\n<figure class=\"wp-block-image size-full\"><img loading=\"lazy\" decoding=\"async\" width=\"2500\" height=\"1923\" src=\"https:\/\/aim-global.com\/wp-content\/uploads\/2025\/10\/AIM_Global_Divisions_FR.png\" alt=\"\" class=\"wp-image-3520\" srcset=\"https:\/\/aim-global.com\/wp-content\/uploads\/2025\/10\/AIM_Global_Divisions_FR.png 2500w, https:\/\/aim-global.com\/wp-content\/uploads\/2025\/10\/AIM_Global_Divisions_FR-300x231.png 300w, https:\/\/aim-global.com\/wp-content\/uploads\/2025\/10\/AIM_Global_Divisions_FR-1024x788.png 1024w, https:\/\/aim-global.com\/wp-content\/uploads\/2025\/10\/AIM_Global_Divisions_FR-768x591.png 768w, https:\/\/aim-global.com\/wp-content\/uploads\/2025\/10\/AIM_Global_Divisions_FR-1536x1181.png 1536w, https:\/\/aim-global.com\/wp-content\/uploads\/2025\/10\/AIM_Global_Divisions_FR-2048x1575.png 2048w\" sizes=\"auto, (max-width: 2500px) 100vw, 2500px\" \/><\/figure>\n<\/div>\n\n\n\n<div class=\"wp-block-column is-layout-flow wp-block-column-is-layout-flow\" style=\"flex-basis:20%\"><\/div>\n<\/div>\n\n\n\n<div class=\"wp-block-media-text alignfull is-stacked-on-mobile is-style-octagon has-light-gold-background-color has-background\" style=\"grid-template-columns:46% auto\"><figure class=\"wp-block-media-text__media\"><img loading=\"lazy\" decoding=\"async\" width=\"1024\" height=\"770\" src=\"https:\/\/aim-global.com\/wp-content\/uploads\/2025\/10\/GLO_GEN_AIM-Global-Website_Recycling_Main-image-1024x770.jpg\" alt=\"\" class=\"wp-image-3540 size-full\" srcset=\"https:\/\/aim-global.com\/wp-content\/uploads\/2025\/10\/GLO_GEN_AIM-Global-Website_Recycling_Main-image-1024x770.jpg 1024w, https:\/\/aim-global.com\/wp-content\/uploads\/2025\/10\/GLO_GEN_AIM-Global-Website_Recycling_Main-image-300x226.jpg 300w, https:\/\/aim-global.com\/wp-content\/uploads\/2025\/10\/GLO_GEN_AIM-Global-Website_Recycling_Main-image-768x577.jpg 768w, https:\/\/aim-global.com\/wp-content\/uploads\/2025\/10\/GLO_GEN_AIM-Global-Website_Recycling_Main-image-1536x1155.jpg 1536w, https:\/\/aim-global.com\/wp-content\/uploads\/2025\/10\/GLO_GEN_AIM-Global-Website_Recycling_Main-image-2048x1540.jpg 2048w\" sizes=\"auto, (max-width: 1024px) 100vw, 1024px\" \/><\/figure><div class=\"wp-block-media-text__content\">\n<figure class=\"wp-block-image size-full is-resized\"><img loading=\"lazy\" decoding=\"async\" width=\"881\" height=\"284\" src=\"https:\/\/aim-global.com\/wp-content\/uploads\/2025\/04\/AIM_Global_LogoGroup_Recyclage.svg\" alt=\"\" class=\"wp-image-2993\" style=\"width:190px\"\/><\/figure>\n\n\n\n<p>AIM Recyclage est l&rsquo;un des recycleurs de m\u00e9taux les plus importants et les plus fiables d&rsquo;Am\u00e9rique du Nord, avec plus de 100 sites dans le monde. Elle est sp\u00e9cialis\u00e9e dans la collecte et le recyclage des m\u00e9taux ferreux et non-ferreux, notamment le fer, l&rsquo;acier, le cuivre, l&rsquo;aluminium et l&rsquo;acier inoxydable. AIM Recyclage s&rsquo;engage \u00e0 simplifier et \u00e0 am\u00e9liorer l&rsquo;impact du recyclage des m\u00e9taux pour les entreprises, les industries et les particuliers.&nbsp;<\/p>\n\n\n\n<p>Forte de plusieurs d\u00e9cennies d&rsquo;expertise et d&rsquo;une \u00e9quipe d&#8217;employ\u00e9s d\u00e9vou\u00e9s, AIM Recyclage exploite des installations ultramodernes et m\u00e9ticuleusement entretenues qui excellent dans l&rsquo;optimisation des taux de r\u00e9cup\u00e9ration. En transformant les m\u00e9taux en fin de vie en ressources pr\u00e9cieuses et r\u00e9utilisables, AIM Recyclage joue un r\u00f4le essentiel dans la r\u00e9duction de l&rsquo;impact sur l&rsquo;environnement et la promotion du d\u00e9veloppement durable dans le monde entier.&nbsp;<\/p>\n\n\n\n<p><strong>Vendez-nous&nbsp;votre ferraille<\/strong><br><em>D\u00e9couvrez la simplicit\u00e9 du recyclage de m\u00e9taux<\/em>&nbsp;<\/p>\n\n\n\n<p><strong>Un recyclage&nbsp;cibl\u00e9<\/strong>&nbsp;<br>Chez&nbsp;AIM RECYCLAGE, nous sommes fiers d&rsquo;\u00eatre une force&nbsp;majeure&nbsp;dans l&rsquo;industrie du recyclage des m\u00e9taux. Offrant une gamme compl\u00e8te de services de recyclage pour tous les m\u00e9taux ferreux et non-ferreux,&nbsp;nous mettons l&rsquo;accent sur&nbsp;l&rsquo;efficacit\u00e9, \u00e0 la durabilit\u00e9 et \u00e0 la satisfaction de nos clients. Nos installations ultramodernes sont dot\u00e9es d&rsquo;\u00e9quipements et de technologies de pointe, ce qui nous permet de traiter divers mat\u00e9riaux avec efficacit\u00e9 et pr\u00e9cision.&nbsp;<\/p>\n\n\n\n<p>Gr\u00e2ce \u00e0 nos services efficaces et fiables de recyclage des m\u00e9taux, vous contribuez non seulement au bien-\u00eatre de l&rsquo;environnement, mais vous avez \u00e9galement la possibilit\u00e9 de maximiser vos profits et de gagner de l&rsquo;argent suppl\u00e9mentaire en vendant vos m\u00e9taux de mani\u00e8re responsable.&nbsp;<\/p>\n\n\n\n<p>&nbsp;<a href=\"https:\/\/www.aim-recycling.com\/locations\" target=\"_blank\" rel=\"noreferrer noopener\">Trouvez votre&nbsp;site<\/a> <\/p>\n\n\n\n<p><a href=\"https:\/\/www.aim-recycling.com\/sell-to-us\" target=\"_blank\" rel=\"noreferrer noopener\">M\u00e9taux&nbsp;accept\u00e9s<\/a><br><\/p>\n\n\n\n<div class=\"wp-block-buttons is-layout-flex wp-block-buttons-is-layout-flex\">\n<div class=\"wp-block-button is-style-outline is-style-outline--1\"><a class=\"wp-block-button__link wp-element-button\" href=\"https:\/\/www.aim-recycling.com\/fr\" target=\"_blank\" rel=\"noreferrer noopener\">Visitez AIM Recyclage<\/a><\/div>\n<\/div>\n<\/div><\/div>\n\n\n\n<div class=\"wp-block-media-text alignfull has-media-on-the-right is-stacked-on-mobile is-style-octagon\" style=\"grid-template-columns:auto 46%\"><div class=\"wp-block-media-text__content\">\n<figure class=\"wp-block-image size-full\"><img loading=\"lazy\" decoding=\"async\" width=\"277\" height=\"60\" src=\"https:\/\/aim-global.com\/wp-content\/uploads\/2025\/02\/AIM_Kenny_rgb-1.png\" alt=\"\" class=\"wp-image-179\"\/><\/figure>\n\n\n\n<p>Kenny U-Pull r\u00e9volutionne le recyclage automobile en donnant une seconde vie aux v\u00e9hicules usag\u00e9s. Avec 27 sites en Am\u00e9rique du Nord et plus de 22 000 voitures en stock, Kenny U-Pull est un leader sur le march\u00e9 du libre-service. Les clients peuvent retirer les pi\u00e8ces dont ils ont besoin de la vaste s\u00e9lection de v\u00e9hicules et les acheter \u00e0 une fraction du co\u00fbt d&rsquo;origine, ce qui rend les r\u00e9parations automobiles abordables tout en favorisant la durabilit\u00e9 environnementale.&nbsp;<\/p>\n\n\n\n<p>Chez Kenny U-Pull, appuy\u00e9s par une \u00e9quipe de plus de 400 employ\u00e9s d\u00e9vou\u00e9s, nous offrons des pi\u00e8ces automobiles en libre-service \u00e0 prix abordable, des v\u00e9hicules de revente et des produits automobiles connexes pour aider nos clients \u00e0 prolonger la vie de leurs v\u00e9hicules et \u00e0 r\u00e9duire les d\u00e9chets.<\/p>\n\n\n\n<p>Depuis sa cr\u00e9ation en 2008, Kenny U-Pull a recycl\u00e9 plus d&rsquo;un million de v\u00e9hicules, r\u00e9duisant ainsi consid\u00e9rablement les d\u00e9chets et favorisant un avenir plus vert. Qu&rsquo;il s&rsquo;agisse de vendre une vieille voiture, de trouver un v\u00e9hicule d&rsquo;occasion ou de se procurer des pi\u00e8ces pour des r\u00e9parations, Kenny U-Pull peut vous aider.&nbsp;&nbsp;<\/p>\n\n\n\n<div class=\"wp-block-buttons is-layout-flex wp-block-buttons-is-layout-flex\">\n<div class=\"wp-block-button is-style-outline is-style-outline--2\"><a class=\"wp-block-button__link wp-element-button\" href=\"https:\/\/kennyupull.com\/fr\/\" target=\"_blank\" rel=\"noreferrer noopener\">VisiteZ Kenny U-Pull<\/a><\/div>\n<\/div>\n<\/div><figure class=\"wp-block-media-text__media\"><img loading=\"lazy\" decoding=\"async\" width=\"1024\" height=\"576\" src=\"https:\/\/aim-global.com\/wp-content\/uploads\/2025\/10\/DJI_0049-CAM-2-LONDON-2-1-1-1024x576.jpg\" alt=\"\" class=\"wp-image-3517 size-full\" srcset=\"https:\/\/aim-global.com\/wp-content\/uploads\/2025\/10\/DJI_0049-CAM-2-LONDON-2-1-1-1024x576.jpg 1024w, https:\/\/aim-global.com\/wp-content\/uploads\/2025\/10\/DJI_0049-CAM-2-LONDON-2-1-1-300x169.jpg 300w, https:\/\/aim-global.com\/wp-content\/uploads\/2025\/10\/DJI_0049-CAM-2-LONDON-2-1-1-768x432.jpg 768w, https:\/\/aim-global.com\/wp-content\/uploads\/2025\/10\/DJI_0049-CAM-2-LONDON-2-1-1-1536x864.jpg 1536w, https:\/\/aim-global.com\/wp-content\/uploads\/2025\/10\/DJI_0049-CAM-2-LONDON-2-1-1-2048x1152.jpg 2048w\" sizes=\"auto, (max-width: 1024px) 100vw, 1024px\" \/><\/figure><\/div>\n\n\n\n<div class=\"wp-block-media-text alignfull is-stacked-on-mobile is-style-octagon has-light-gold-background-color has-background\" style=\"grid-template-columns:46% auto\"><figure class=\"wp-block-media-text__media\"><img loading=\"lazy\" decoding=\"async\" width=\"1024\" height=\"885\" src=\"https:\/\/aim-global.com\/wp-content\/uploads\/2025\/02\/eco-centre_media-text-1024x885.jpg\" alt=\"\" class=\"wp-image-184 size-full\" srcset=\"https:\/\/aim-global.com\/wp-content\/uploads\/2025\/02\/eco-centre_media-text-1024x885.jpg 1024w, https:\/\/aim-global.com\/wp-content\/uploads\/2025\/02\/eco-centre_media-text-300x259.jpg 300w, https:\/\/aim-global.com\/wp-content\/uploads\/2025\/02\/eco-centre_media-text-768x664.jpg 768w, https:\/\/aim-global.com\/wp-content\/uploads\/2025\/02\/eco-centre_media-text.jpg 1041w\" sizes=\"auto, (max-width: 1024px) 100vw, 1024px\" \/><\/figure><div class=\"wp-block-media-text__content\">\n<figure class=\"wp-block-image size-full\"><img loading=\"lazy\" decoding=\"async\" width=\"190\" height=\"57\" src=\"https:\/\/aim-global.com\/wp-content\/uploads\/2025\/04\/eco-centre.png\" alt=\"\" class=\"wp-image-2961\"\/><\/figure>\n\n\n\n<p>AIM \u00c9CO-CENTRE se consacre au d\u00e9veloppement durable et \u00e0 la gestion responsable des mat\u00e9riaux de CRD (construction, r\u00e9novation et d\u00e9molition), tout en offrant un service de recyclage sp\u00e9cialis\u00e9 dans le traitement de mat\u00e9riaux g\u00e9n\u00e9ralement non pris en charge, notamment les encombrants urbains et les produits \u00e9lectroniques. L\u2019entreprise s\u2019efforce de r\u00e9duire au maximum les r\u00e9sidus achemin\u00e9s vers les sites d\u2019enfouissement gr\u00e2ce \u00e0 un tri rigoureux et \u00e0 la r\u00e9cup\u00e9ration des ressources valorisables. <br>Au-del\u00e0 de ses services, AIM \u00c9CO-CENTRE joue un r\u00f4le actif dans l\u2019\u00e9ducation de la communaut\u00e9 aux pratiques \u00e9cologiques, la sensibilisation environnementale et la promotion de comportements durables, contribuant ainsi \u00e0 la protection de l\u2019environnement.<\/p>\n\n\n\n<p><\/p>\n\n\n\n<div class=\"wp-block-buttons is-layout-flex wp-block-buttons-is-layout-flex\">\n<div class=\"wp-block-button is-style-outline is-style-outline--3\"><a class=\"wp-block-button__link wp-element-button\" href=\"https:\/\/www.aim-ecocentre.com\/\" target=\"_blank\" rel=\"noreferrer noopener\">Visitez AIM \u00c9CO-CENTRE<\/a><\/div>\n<\/div>\n<\/div><\/div>\n\n\n\n<div class=\"wp-block-media-text alignfull has-media-on-the-right is-stacked-on-mobile is-style-octagon\" style=\"grid-template-columns:auto 46%\"><div class=\"wp-block-media-text__content\">\n<figure class=\"wp-block-image size-full\"><img loading=\"lazy\" decoding=\"async\" width=\"247\" height=\"60\" src=\"https:\/\/aim-global.com\/wp-content\/uploads\/2025\/02\/AIM_Delsan_rgb_out-1.png\" alt=\"AIM Delsan.\" class=\"wp-image-196\"\/><\/figure>\n\n\n\n<p>Depuis 1994, Delsan-AIM Services Environnementaux, une division d\u2019American Iron &amp; Metal (AIM), s\u2019impose comme un chef de file de confiance dans le domaine de l\u2019entrepreneuriat environnemental. Sp\u00e9cialis\u00e9e en d\u00e9classement, d\u00e9molition, valorisation d\u2019actifs, gestion des mati\u00e8res dangereuses et r\u00e9habilitation de sols contamin\u00e9s, Delsan-AIM propose des solutions novatrices et durables pour des projets complexes de toutes envergures.<\/p>\n\n\n\n<p>Forte de l\u2019expertise mondiale d\u2019AIM en recyclage des m\u00e9taux, l\u2019entreprise met \u00e0 profit des technologies de pointe et des d\u00e9cennies d\u2019exp\u00e9rience afin d\u2019ex\u00e9cuter chaque mandat avec rigueur, s\u00e9curit\u00e9 et respect de l\u2019environnement. Qu\u2019il s\u2019agisse du d\u00e9mant\u00e8lement d\u2019installations industrielles ou de la remise en \u00e9tat de terrains pour de futurs usages, Delsan-AIM maintient les plus hauts standards de professionnalisme et de satisfaction client \u00e0 chaque \u00e9tape.<\/p>\n\n\n\n<p>Dot\u00e9e de l\u2019une des plus vastes flottes d\u2019\u00e9quipement moderne au Canada, Delsan-AIM r\u00e9alise efficacement m\u00eame les projets de d\u00e9molition et de d\u00e9contamination les plus exigeants, contribuant ainsi \u00e0 b\u00e2tir un avenir plus propre et plus s\u00e9curitaire pour les communaut\u00e9s partout au pays.<\/p>\n\n\n\n<div class=\"wp-block-buttons is-layout-flex wp-block-buttons-is-layout-flex\">\n<div class=\"wp-block-button is-style-outline is-style-outline--4\"><a class=\"wp-block-button__link wp-element-button\" href=\"https:\/\/delsan-aim.com\/fr\" target=\"_blank\" rel=\"noreferrer noopener\">Visitez Delsan AIM<\/a><\/div>\n<\/div>\n<\/div><figure class=\"wp-block-media-text__media\"><img loading=\"lazy\" decoding=\"async\" width=\"1024\" height=\"576\" src=\"https:\/\/aim-global.com\/wp-content\/uploads\/2025\/10\/Delsan_demolition-1024x576.jpg\" alt=\"\" class=\"wp-image-3515 size-full\" srcset=\"https:\/\/aim-global.com\/wp-content\/uploads\/2025\/10\/Delsan_demolition-1024x576.jpg 1024w, https:\/\/aim-global.com\/wp-content\/uploads\/2025\/10\/Delsan_demolition-300x169.jpg 300w, https:\/\/aim-global.com\/wp-content\/uploads\/2025\/10\/Delsan_demolition-768x432.jpg 768w, https:\/\/aim-global.com\/wp-content\/uploads\/2025\/10\/Delsan_demolition-1536x864.jpg 1536w, https:\/\/aim-global.com\/wp-content\/uploads\/2025\/10\/Delsan_demolition-2048x1152.jpg 2048w\" sizes=\"auto, (max-width: 1024px) 100vw, 1024px\" \/><\/figure><\/div>\n\n\n\n<div class=\"wp-block-media-text alignfull is-stacked-on-mobile is-style-octagon has-light-gold-background-color has-background\" style=\"grid-template-columns:46% auto\"><figure class=\"wp-block-media-text__media\"><img loading=\"lazy\" decoding=\"async\" width=\"800\" height=\"532\" src=\"https:\/\/aim-global.com\/wp-content\/uploads\/2025\/10\/shutterstock_2225685129.jpg\" alt=\"\" class=\"wp-image-3651 size-full\" srcset=\"https:\/\/aim-global.com\/wp-content\/uploads\/2025\/10\/shutterstock_2225685129.jpg 800w, https:\/\/aim-global.com\/wp-content\/uploads\/2025\/10\/shutterstock_2225685129-300x200.jpg 300w, https:\/\/aim-global.com\/wp-content\/uploads\/2025\/10\/shutterstock_2225685129-768x511.jpg 768w\" sizes=\"auto, (max-width: 800px) 100vw, 800px\" \/><\/figure><div class=\"wp-block-media-text__content\">\n<figure class=\"wp-block-image size-full is-resized\"><img loading=\"lazy\" decoding=\"async\" width=\"637\" height=\"276\" src=\"https:\/\/aim-global.com\/wp-content\/uploads\/2025\/10\/Honeycomb-Vector-logo-Charcoal-1.png\" alt=\"\" class=\"wp-image-3666\" style=\"width:192px;height:auto\" srcset=\"https:\/\/aim-global.com\/wp-content\/uploads\/2025\/10\/Honeycomb-Vector-logo-Charcoal-1.png 637w, https:\/\/aim-global.com\/wp-content\/uploads\/2025\/10\/Honeycomb-Vector-logo-Charcoal-1-300x130.png 300w\" sizes=\"auto, (max-width: 637px) 100vw, 637px\" \/><\/figure>\n\n\n\n<p>S\u2019appuyant sur les bases solides d\u2019AIM, Honeycomb Converters allie une expertise approfondie de l\u2019industrie, des capacit\u00e9s de traitement avanc\u00e9es et une volont\u00e9 constante d\u2019innovation pour offrir des r\u00e9sultats fiables et pr\u00e9cis.<br><br>Gr\u00e2ce \u00e0 des m\u00e9thodes de traitement et de laboratoire \u00e0 la fine pointe de la technologie, Honeycomb assure une pr\u00e9cision exceptionnelle dans la r\u00e9cup\u00e9ration des m\u00e9taux du groupe du platine (MGP), gr\u00e2ce \u00e0 des analyses XRF et ICP calibr\u00e9es selon les normes les plus \u00e9lev\u00e9es de l\u2019industrie.<br>Honeycomb transforme le recyclage des catalyseurs automobiles gr\u00e2ce \u00e0 des solutions plus intelligentes, plus rapides et plus pr\u00e9cises, con\u00e7ues pour r\u00e9pondre aux exigences d\u2019un march\u00e9 en constante \u00e9volution. De son application mobile et de ses outils aliment\u00e9s par l\u2019IA \u00e0 l\u2019am\u00e9lioration continue de la performance des laboratoires et des broyeurs, chaque syst\u00e8me est con\u00e7u pour garantir pr\u00e9cision, efficacit\u00e9 et fiabilit\u00e9, faisant de Honeycomb un partenaire de confiance pour tous vos besoins en recyclage de catalyseurs.<br><br>Recycler avec Honeycomb contribue \u00e0 pr\u00e9server les ressources, \u00e0 r\u00e9duire les \u00e9missions et \u00e0 maintenir les m\u00e9taux pr\u00e9cieux en circulation, minimisant ainsi l\u2019impact environnemental et favorisant un avenir plus propre et durable.<\/p>\n\n\n\n<div class=\"wp-block-buttons is-layout-flex wp-block-buttons-is-layout-flex\">\n<div class=\"wp-block-button is-style-outline is-style-outline--5\"><a class=\"wp-block-button__link wp-element-button\" href=\"https:\/\/www.honeycombconverters.com\/fr\" target=\"_blank\" rel=\"noopener\">Visitez AIM Honeycomb<\/a><\/div>\n<\/div>\n<\/div><\/div>\n\n\n\n<div class=\"wp-block-media-text alignfull has-media-on-the-right is-stacked-on-mobile is-style-octagon\" style=\"grid-template-columns:auto 46%\"><div class=\"wp-block-media-text__content\">\n<figure class=\"wp-block-image size-full\"><img loading=\"lazy\" decoding=\"async\" width=\"246\" height=\"60\" src=\"https:\/\/aim-global.com\/wp-content\/uploads\/2025\/02\/MINESOURCE-M-Logo-RGB-01-1.png\" alt=\"Minesource.\" class=\"wp-image-207\"\/><\/figure>\n\n\n\n<p>AIM Minesource est un partenaire de confiance de l&rsquo;industrie mini\u00e8re. Elle est sp\u00e9cialis\u00e9e dans la vente et la livraison de produits industriels et miniers, allant de la machinerie lourde \u00e0 l&rsquo;\u00e9quipement industriel sur mesure. AIM Minesource fournit des solutions efficaces et durables adapt\u00e9es aux besoins uniques du secteur minier.&nbsp;<\/p>\n\n\n\n<p>Compos\u00e9e de professionnels de l&rsquo;industrie, AIM Minesource aide ses clients \u00e0 \u00e9valuer et \u00e0 s\u00e9lectionner les mat\u00e9riaux appropri\u00e9s pour les projets miniers industriels, commerciaux et r\u00e9sidentiels. Leur approche personnalis\u00e9e garantit que les clients re\u00e7oivent des \u00e9quipements et des mat\u00e9riaux de la plus haute qualit\u00e9, soutenus par une planification d\u00e9taill\u00e9e du projet et des conseils d&rsquo;experts.&nbsp;<\/p>\n\n\n\n<p>Avec un \u00e9quipement de pointe et une flotte d\u00e9di\u00e9e, AIM Minesource fournit un service, une fiabilit\u00e9 et une efficacit\u00e9 in\u00e9gal\u00e9s.&nbsp;&nbsp;<\/p>\n\n\n\n<div class=\"wp-block-buttons is-layout-flex wp-block-buttons-is-layout-flex\">\n<div class=\"wp-block-button is-style-outline is-style-outline--6\"><a class=\"wp-block-button__link wp-element-button\" href=\"https:\/\/aim-minesource.com\/\" target=\"_blank\" rel=\"noopener\">Visitez AIM Minesource<\/a><\/div>\n<\/div>\n<\/div><figure class=\"wp-block-media-text__media\"><img loading=\"lazy\" decoding=\"async\" width=\"1024\" height=\"936\" src=\"https:\/\/aim-global.com\/wp-content\/uploads\/2025\/02\/minesource_media-text-1024x936.jpg\" alt=\"\" class=\"wp-image-205 size-full\" srcset=\"https:\/\/aim-global.com\/wp-content\/uploads\/2025\/02\/minesource_media-text-1024x936.jpg 1024w, https:\/\/aim-global.com\/wp-content\/uploads\/2025\/02\/minesource_media-text-300x274.jpg 300w, https:\/\/aim-global.com\/wp-content\/uploads\/2025\/02\/minesource_media-text-768x702.jpg 768w, https:\/\/aim-global.com\/wp-content\/uploads\/2025\/02\/minesource_media-text.jpg 1088w\" sizes=\"auto, (max-width: 1024px) 100vw, 1024px\" \/><\/figure><\/div>\n\n\n","protected":false},"excerpt":{"rendered":"<p>Nos divisions<\/p>\n","protected":false},"author":11,"featured_media":0,"parent":0,"menu_order":0,"comment_status":"closed","ping_status":"closed","template":"","meta":{"_acf_changed":false,"footnotes":""},"class_list":["post-97","page","type-page","status-publish","hentry"],"acf":[],"_links":{"self":[{"href":"https:\/\/aim-global.com\/fr\/wp-json\/wp\/v2\/pages\/97","targetHints":{"allow":["GET"]}}],"collection":[{"href":"https:\/\/aim-global.com\/fr\/wp-json\/wp\/v2\/pages"}],"about":[{"href":"https:\/\/aim-global.com\/fr\/wp-json\/wp\/v2\/types\/page"}],"author":[{"embeddable":true,"href":"https:\/\/aim-global.com\/fr\/wp-json\/wp\/v2\/users\/11"}],"replies":[{"embeddable":true,"href":"https:\/\/aim-global.com\/fr\/wp-json\/wp\/v2\/comments?post=97"}],"version-history":[{"count":8,"href":"https:\/\/aim-global.com\/fr\/wp-json\/wp\/v2\/pages\/97\/revisions"}],"predecessor-version":[{"id":3720,"href":"https:\/\/aim-global.com\/fr\/wp-json\/wp\/v2\/pages\/97\/revisions\/3720"}],"wp:attachment":[{"href":"https:\/\/aim-global.com\/fr\/wp-json\/wp\/v2\/media?parent=97"}],"curies":[{"name":"wp","href":"https:\/\/api.w.org\/{rel}","templated":true}]}}