{"id":99,"date":"2025-02-11T13:44:03","date_gmt":"2025-02-11T18:44:03","guid":{"rendered":"https:\/\/aim-global.com\/?page_id=99"},"modified":"2025-10-29T09:26:25","modified_gmt":"2025-10-29T13:26:25","slug":"nos-valeurs","status":"publish","type":"page","link":"https:\/\/aim-global.com\/fr\/qui-somme-nous\/nos-valeurs\/","title":{"rendered":"Mission, Vision et Valeurs"},"content":{"rendered":"\n<div class=\"wp-block-media-text alignfull has-media-on-the-right is-stacked-on-mobile is-style-trapeze\" style=\"grid-template-columns:auto 47%\"><div class=\"wp-block-media-text__content\">\n<p class=\"is-style-suptitle\">Notre mission<\/p>\n\n\n\n<h2 class=\"wp-block-heading\">Un avenir durable<\/h2>\n\n\n\n<p>Chez AIM, nous sommes passionn\u00e9s par la cr\u00e9ation de valeur pour nos clients, nos collaborateurs et nos employ\u00e9s. En tant que leader mondial, nous nous engageons \u00e0 atteindre l&rsquo;excellence dans le recyclage des m\u00e9taux.<\/p>\n<\/div><figure class=\"wp-block-media-text__media\"><img loading=\"lazy\" decoding=\"async\" width=\"1024\" height=\"543\" src=\"https:\/\/aim-global.com\/wp-content\/uploads\/2025\/09\/Values_Photo1_V2-1024x543.jpg\" alt=\"\" class=\"wp-image-3165 size-full\" srcset=\"https:\/\/aim-global.com\/wp-content\/uploads\/2025\/09\/Values_Photo1_V2-1024x543.jpg 1024w, https:\/\/aim-global.com\/wp-content\/uploads\/2025\/09\/Values_Photo1_V2-300x159.jpg 300w, https:\/\/aim-global.com\/wp-content\/uploads\/2025\/09\/Values_Photo1_V2-768x408.jpg 768w, https:\/\/aim-global.com\/wp-content\/uploads\/2025\/09\/Values_Photo1_V2-1536x815.jpg 1536w, https:\/\/aim-global.com\/wp-content\/uploads\/2025\/09\/Values_Photo1_V2-2048x1087.jpg 2048w\" sizes=\"auto, (max-width: 1024px) 100vw, 1024px\" \/><\/figure><\/div>\n\n\n\n<div class=\"wp-block-media-text alignfull is-stacked-on-mobile is-style-trapeze has-light-gold-background-color has-background\" style=\"grid-template-columns:47% auto\"><figure class=\"wp-block-media-text__media\"><img loading=\"lazy\" decoding=\"async\" width=\"1024\" height=\"483\" src=\"https:\/\/aim-global.com\/wp-content\/uploads\/2025\/09\/Values_Photo2_V3-1024x483.jpg\" alt=\"\" class=\"wp-image-3171 size-full\" srcset=\"https:\/\/aim-global.com\/wp-content\/uploads\/2025\/09\/Values_Photo2_V3-1024x483.jpg 1024w, https:\/\/aim-global.com\/wp-content\/uploads\/2025\/09\/Values_Photo2_V3-300x141.jpg 300w, https:\/\/aim-global.com\/wp-content\/uploads\/2025\/09\/Values_Photo2_V3-768x362.jpg 768w, https:\/\/aim-global.com\/wp-content\/uploads\/2025\/09\/Values_Photo2_V3-1536x724.jpg 1536w, https:\/\/aim-global.com\/wp-content\/uploads\/2025\/09\/Values_Photo2_V3-2048x965.jpg 2048w\" sizes=\"auto, (max-width: 1024px) 100vw, 1024px\" \/><\/figure><div class=\"wp-block-media-text__content\">\n<p class=\"is-style-suptitle\">Notre vision<\/p>\n\n\n\n<h2 class=\"wp-block-heading\">Engag\u00e9s vers l&rsquo;excellence<\/h2>\n\n\n\n<p>\u00catre un leader reconnu dans toutes nos activit\u00e9s de recyclage des m\u00e9taux, en construisant un avenir plus durable pour nos parties prenantes et nos communaut\u00e9s.&nbsp;<\/p>\n<\/div><\/div>\n\n\n\n<div class=\"wp-block-group alignwide\"><div class=\"wp-block-group__inner-container is-layout-flow wp-block-group-is-layout-flow\">\n<p class=\"is-style-suptitle\">Nos valeurs<\/p>\n\n\n\n<h2 class=\"wp-block-heading\">Favoriser l&rsquo;innovation<\/h2>\n\n\n\n<p class=\"is-style-half-width\">Nos valeurs fondamentales nous incitent \u00e0 encourager l&rsquo;innovation, \u00e0 respecter l&rsquo;int\u00e9grit\u00e9 et \u00e0 contribuer au bien-\u00eatre de nos collaborateurs et des communaut\u00e9s que nous servons.&nbsp;<\/p>\n\n\n<\/div><\/div>\n\n\n\n<div class=\"wp-block-group alignfull is-style-hero-text has-black-background-color has-background\"><div class=\"wp-block-group__inner-container is-layout-constrained wp-block-group-is-layout-constrained\">\n<h2 class=\"wp-block-heading has-text-align-center has-white-color has-text-color has-link-color wp-elements-dcef9f844226e6fd69a896cd3d51cbf1\">D\u00e9butez votre carri\u00e8re chez AIM<\/h2>\n\n\n\n<p class=\"has-text-align-center has-white-color has-text-color has-link-color has-large-font-size wp-elements-1295f394ab95ddca75cc4a5e44de0f66\">Joignez-vous \u00e0 nous et fa\u00e7onnez votre avenir,\u00a0 <br>l\u00e0 o\u00f9 la passion rencontre les opportunit\u00e9s !<\/p>\n\n\n\n<p class=\"has-text-align-center has-white-color has-text-color has-link-color has-large-font-size wp-elements-9642b5a85b07f0576d76d753e8ee0c16\"><\/p>\n\n\n\n<div class=\"wp-block-buttons is-content-justification-center is-layout-flex wp-container-core-buttons-is-layout-16018d1d wp-block-buttons-is-layout-flex\">\n<div class=\"wp-block-button is-style-color-reverse\"><a class=\"wp-block-button__link wp-element-button\" href=\"https:\/\/aim-global.com\/fr\/carrieres\/\">Votre carri\u00e8re<\/a><\/div>\n\n\n\n<div class=\"wp-block-button is-style-outline is-style-outline--1\"><a class=\"wp-block-button__link wp-element-button\" href=\"https:\/\/careers.smartrecruiters.com\/AmericanIronAndMetal\/aim-global-fr\" target=\"_blank\" rel=\"noreferrer noopener\">OFFRES D\u2019EMPLOI<\/a><\/div>\n<\/div>\n<\/div><\/div>\n\n\n\n<p><\/p>\n","protected":false},"excerpt":{"rendered":"<p>Notre mission Un avenir durable Chez AIM, nous sommes passionn\u00e9s par la cr\u00e9ation de valeur pour nos clients, nos collaborateurs et nos employ\u00e9s. En tant que leader mondial, nous nous engageons \u00e0 atteindre l&rsquo;excellence dans le recyclage des m\u00e9taux. Notre vision Engag\u00e9s vers l&rsquo;excellence \u00catre un leader reconnu dans toutes nos activit\u00e9s de recyclage des [&hellip;]<\/p>\n","protected":false},"author":11,"featured_media":0,"parent":129,"menu_order":0,"comment_status":"closed","ping_status":"closed","template":"","meta":{"_acf_changed":false,"footnotes":""},"class_list":["post-99","page","type-page","status-publish","hentry"],"acf":[],"_links":{"self":[{"href":"https:\/\/aim-global.com\/fr\/wp-json\/wp\/v2\/pages\/99","targetHints":{"allow":["GET"]}}],"collection":[{"href":"https:\/\/aim-global.com\/fr\/wp-json\/wp\/v2\/pages"}],"about":[{"href":"https:\/\/aim-global.com\/fr\/wp-json\/wp\/v2\/types\/page"}],"author":[{"embeddable":true,"href":"https:\/\/aim-global.com\/fr\/wp-json\/wp\/v2\/users\/11"}],"replies":[{"embeddable":true,"href":"https:\/\/aim-global.com\/fr\/wp-json\/wp\/v2\/comments?post=99"}],"version-history":[{"count":8,"href":"https:\/\/aim-global.com\/fr\/wp-json\/wp\/v2\/pages\/99\/revisions"}],"predecessor-version":[{"id":3692,"href":"https:\/\/aim-global.com\/fr\/wp-json\/wp\/v2\/pages\/99\/revisions\/3692"}],"up":[{"embeddable":true,"href":"https:\/\/aim-global.com\/fr\/wp-json\/wp\/v2\/pages\/129"}],"wp:attachment":[{"href":"https:\/\/aim-global.com\/fr\/wp-json\/wp\/v2\/media?parent=99"}],"curies":[{"name":"wp","href":"https:\/\/api.w.org\/{rel}","templated":true}]}}